{"id":2,"date":"2023-02-03T12:55:13","date_gmt":"2023-02-03T12:55:13","guid":{"rendered":"http:\/\/borsod-dogsport.info\/oktat\/?page_id=2"},"modified":"2023-03-10T12:14:22","modified_gmt":"2023-03-10T11:14:22","slug":"sample-page","status":"publish","type":"page","link":"http:\/\/borsod-dogsport.info\/oktat\/","title":{"rendered":""},"content":{"rendered":"<p>\u00dcdv\u00f6zl\u00fcnk a Borsod Dogsport Egyes\u00fclet oldal\u00e1n, ez egy priv\u00e1t oldal melynek tartalm\u00e1t csak bejelentkez\u00e9s ut\u00e1n \u00e9rheted el. K\u00e9r\u00fcnk jelentkez be, amennyiben bejelentkezt\u00e9l v\u00e1lasz a megjelen\u0151 men\u0171pontok k\u00f6z\u0171l.<\/p>\n<p>&nbsp;<\/p>\n<p>&nbsp;<\/p>\n","protected":false},"excerpt":{"rendered":"","protected":false},"author":1,"featured_media":0,"parent":0,"menu_order":0,"comment_status":"closed","ping_status":"open","template":"","meta":{"_themeisle_gutenberg_block_has_review":false,"footnotes":""},"_links":{"self":[{"href":"http:\/\/borsod-dogsport.info\/oktat\/wp-json\/wp\/v2\/pages\/2"}],"collection":[{"href":"http:\/\/borsod-dogsport.info\/oktat\/wp-json\/wp\/v2\/pages"}],"about":[{"href":"http:\/\/borsod-dogsport.info\/oktat\/wp-json\/wp\/v2\/types\/page"}],"author":[{"embeddable":true,"href":"http:\/\/borsod-dogsport.info\/oktat\/wp-json\/wp\/v2\/users\/1"}],"replies":[{"embeddable":true,"href":"http:\/\/borsod-dogsport.info\/oktat\/wp-json\/wp\/v2\/comments?post=2"}],"version-history":[{"count":11,"href":"http:\/\/borsod-dogsport.info\/oktat\/wp-json\/wp\/v2\/pages\/2\/revisions"}],"predecessor-version":[{"id":187,"href":"http:\/\/borsod-dogsport.info\/oktat\/wp-json\/wp\/v2\/pages\/2\/revisions\/187"}],"wp:attachment":[{"href":"http:\/\/borsod-dogsport.info\/oktat\/wp-json\/wp\/v2\/media?parent=2"}],"curies":[{"name":"wp","href":"https:\/\/api.w.org\/{rel}","templated":true}]}}